{"id":2381,"date":"2022-11-24T18:30:24","date_gmt":"2022-11-24T21:30:24","guid":{"rendered":"https:\/\/highscopechile.cl\/sitio\/?post_type=product&#038;p=2381"},"modified":"2023-01-30T18:16:00","modified_gmt":"2023-01-30T21:16:00","slug":"estrategias-eficaces-para-favorecer-motivacion-y-aprendizaje-lectura-escritura","status":"publish","type":"product","link":"https:\/\/highscopechile.cl\/sitio\/producto\/estrategias-eficaces-para-favorecer-motivacion-y-aprendizaje-lectura-escritura\/","title":{"rendered":"Estrategias eficaces para favorecer la motivaci\u00f3n y aprendizaje de la Lectura y Escritura"},"content":{"rendered":"<p>[et_pb_section fb_built=\u00bb1&#8243; _builder_version=\u00bb4.16&#8243; custom_padding=\u00bb0px||||false|false\u00bb da_disable_devices=\u00bboff|off|off\u00bb global_colors_info=\u00bb{}\u00bb da_is_popup=\u00bboff\u00bb da_exit_intent=\u00bboff\u00bb da_has_close=\u00bbon\u00bb da_alt_close=\u00bboff\u00bb da_dark_close=\u00bboff\u00bb da_not_modal=\u00bbon\u00bb da_is_singular=\u00bboff\u00bb da_with_loader=\u00bboff\u00bb da_has_shadow=\u00bbon\u00bb][et_pb_row _builder_version=\u00bb4.16&#8243; background_size=\u00bbinitial\u00bb background_position=\u00bbtop_left\u00bb background_repeat=\u00bbrepeat\u00bb width=\u00bb100%\u00bb custom_padding=\u00bb0px||0px||false|false\u00bb global_colors_info=\u00bb{}\u00bb][et_pb_column type=\u00bb4_4&#8243; _builder_version=\u00bb4.16&#8243; custom_padding=\u00bb|||\u00bb global_colors_info=\u00bb{}\u00bb custom_padding__hover=\u00bb|||\u00bb][et_pb_wc_cart_notice _builder_version=\u00bb4.16&#8243; global_colors_info=\u00bb{}\u00bb][\/et_pb_wc_cart_notice][\/et_pb_column][\/et_pb_row][et_pb_row column_structure=\u00bb1_2,1_2&#8243; _builder_version=\u00bb4.16&#8243; background_size=\u00bbinitial\u00bb background_position=\u00bbtop_left\u00bb background_repeat=\u00bbrepeat\u00bb width=\u00bb100%\u00bb custom_padding=\u00bb0px||||false|false\u00bb global_colors_info=\u00bb{}\u00bb][et_pb_column type=\u00bb1_2&#8243; _builder_version=\u00bb4.16&#8243; custom_padding=\u00bb|||\u00bb global_colors_info=\u00bb{}\u00bb custom_padding__hover=\u00bb|||\u00bb][et_pb_wc_images sale_badge_color=\u00bb#e02b20&#8243; _builder_version=\u00bb4.16&#8243; global_colors_info=\u00bb{}\u00bb][\/et_pb_wc_images][\/et_pb_column][et_pb_column type=\u00bb1_2&#8243; _builder_version=\u00bb4.16&#8243; custom_padding=\u00bb|||\u00bb global_colors_info=\u00bb{}\u00bb custom_padding__hover=\u00bb|||\u00bb][et_pb_wc_title _builder_version=\u00bb4.16&#8243; global_colors_info=\u00bb{}\u00bb][\/et_pb_wc_title][et_pb_wc_price _builder_version=\u00bb4.16&#8243; global_colors_info=\u00bb{}\u00bb][\/et_pb_wc_price][et_pb_wc_description _builder_version=\u00bb4.16&#8243; global_colors_info=\u00bb{}\u00bb][\/et_pb_wc_description][et_pb_wc_add_to_cart _builder_version=\u00bb4.16&#8243; fields_background_color=\u00bb#a8a8a8&#8243; fields_font_size=\u00bb16px\u00bb global_colors_info=\u00bb{}\u00bb][\/et_pb_wc_add_to_cart][\/et_pb_column][\/et_pb_row][et_pb_row _builder_version=\u00bb4.16&#8243; background_size=\u00bbinitial\u00bb background_position=\u00bbtop_left\u00bb background_repeat=\u00bbrepeat\u00bb width=\u00bb100%\u00bb global_colors_info=\u00bb{}\u00bb][et_pb_column type=\u00bb4_4&#8243; _builder_version=\u00bb4.16&#8243; custom_padding=\u00bb|||\u00bb global_colors_info=\u00bb{}\u00bb custom_padding__hover=\u00bb|||\u00bb][et_pb_wc_tabs _builder_version=\u00bb4.16&#8243; global_colors_info=\u00bb{}\u00bb]\t\t\t\t\t[\/et_pb_wc_tabs][et_pb_wc_upsells _builder_version=\u00bb4.16&#8243; global_colors_info=\u00bb{}\u00bb][\/et_pb_wc_upsells][et_pb_wc_related_products _builder_version=\u00bb4.16&#8243; global_colors_info=\u00bb{}\u00bb][\/et_pb_wc_related_products][et_pb_wc_upsells _builder_version=\u00bb4.16&#8243; _module_preset=\u00bbdefault\u00bb global_colors_info=\u00bb{}\u00bb][\/et_pb_wc_upsells][\/et_pb_column][\/et_pb_row][\/et_pb_section][et_pb_section fb_built=\u00bb1&#8243; admin_label=\u00bbPopup &#8211; #form-aprendizajeactivoentiemposdecovid\u00bb module_id=\u00bbform-aprendizajeactivoentiemposdecovid\u00bb module_class=\u00bbpopup\u00bb _builder_version=\u00bb4.16&#8243; _module_preset=\u00bbdefault\u00bb background_color=\u00bbrgba(0,0,0,0)\u00bb custom_margin=\u00bb|20%||20%|false|true\u00bb da_is_popup=\u00bbon\u00bb da_popup_slug=\u00bbform-aprendizajeactivoentiemposdecovid\u00bb da_disable_devices=\u00bboff|off|off\u00bb global_colors_info=\u00bb{}\u00bb da_exit_intent=\u00bboff\u00bb da_has_close=\u00bbon\u00bb da_alt_close=\u00bboff\u00bb da_dark_close=\u00bboff\u00bb da_not_modal=\u00bbon\u00bb da_is_singular=\u00bboff\u00bb da_with_loader=\u00bboff\u00bb da_has_shadow=\u00bbon\u00bb][et_pb_row _builder_version=\u00bb4.16&#8243; _module_preset=\u00bbdefault\u00bb background_color=\u00bb#e2e2e2&#8243; background_image=\u00bbhttps:\/\/highscopechile.cl\/sitio\/wp-content\/uploads\/2020\/12\/shapes-bg-color.png\u00bb custom_margin=\u00bb||||false|true\u00bb custom_padding=\u00bb||||false|true\u00bb global_colors_info=\u00bb{}\u00bb][et_pb_column type=\u00bb4_4&#8243; _builder_version=\u00bb4.16&#8243; _module_preset=\u00bbdefault\u00bb global_colors_info=\u00bb{}\u00bb][et_pb_image src=\u00bbhttps:\/\/highscopechile.cl\/sitio\/wp-content\/uploads\/2020\/12\/FHS-Chile-AzulAlfa.png\u00bb title_text=\u00bbFHS-Chile-AzulAlfa\u00bb align=\u00bbcenter\u00bb _builder_version=\u00bb4.16&#8243; _module_preset=\u00bbdefault\u00bb width=\u00bb30%\u00bb max_width=\u00bb30%\u00bb global_colors_info=\u00bb{}\u00bb][\/et_pb_image][et_pb_code _builder_version=\u00bb4.16&#8243; _module_preset=\u00bbdefault\u00bb text_orientation=\u00bbcenter\u00bb global_colors_info=\u00bb{}\u00bb][contact-form-7 id=\u00bb1808&#8243; title=\u00bbAprendizaje activo en tiempo de Covid\u00bb][\/et_pb_code][\/et_pb_column][\/et_pb_row][\/et_pb_section]<\/p>\n","protected":false},"excerpt":{"rendered":"<div>\n<p><strong>Dirigido a: <\/strong>Nivel preescolar<\/p>\n<\/div>\n<div>\n<p><strong>Modalidad: <\/strong>Cerrado para Jardines Infantiles y Colegios.<\/p>\n<div>\n<p><strong>Duraci\u00f3n:<\/strong> 16 horas.<\/p>\n<div>\n<p><strong>Modalidad:<\/strong> Online Sincr\u00f3nico o Presencial.<\/p>\n<\/div>\n<\/div>\n<\/div>\n","protected":false},"featured_media":2374,"comment_status":"closed","ping_status":"closed","template":"","meta":{"_et_pb_use_builder":"on","_et_pb_old_content":"Dirigido a: Nivel preescolar\r\n<div>\r\n<div>\r\n\r\nObjetivos :\r\n<ul>\r\n \t<li>Comprender por qu\u00e9 es importante el aprendizaje inicial en el lenguaje, la lectoescritura y la comunicaci\u00f3n.<\/li>\r\n \t<li>Identificar c\u00f3mo se desarrollan las habilidades de lectoescritura inicial.<\/li>\r\n \t<li>Reconocer los componentes claves de la lectoescritura inicial.<\/li>\r\n \t<li>Conocer estrategias durante la rutina diaria que desarrollan la comprensi\u00f3n en los ni\u00f1os, vocabulario, conciencia fonol\u00f3gica, conocimiento del alfabeto, lectura y conocimiento de los conceptos de lo impreso.<\/li>\r\n \t<li>Conocer y dise\u00f1ar estrategias para realizar Lecturas Interactivas eficaces que desarrollan la comprensi\u00f3n, ampliaci\u00f3n de vocabulario y adquisici\u00f3n de habilidades esenciales en la lectoescritura de los ni\u00f1os.<\/li>\r\n \t<li>Aplicar estrategias para brindar andamiaje (apoyar y extender gradualmente) el aprendizaje inicial en lectoescritura.<\/li>\r\n<\/ul>\r\n<\/div>\r\n<\/div>","_et_gb_content_width":""},"product_brand":[],"product_cat":[18],"product_tag":[],"class_list":{"0":"post-2381","1":"product","2":"type-product","3":"status-publish","4":"has-post-thumbnail","6":"product_cat-cursos","8":"first","9":"onbackorder","10":"virtual","11":"product-type-simple"},"_links":{"self":[{"href":"https:\/\/highscopechile.cl\/sitio\/wp-json\/wp\/v2\/product\/2381","targetHints":{"allow":["GET"]}}],"collection":[{"href":"https:\/\/highscopechile.cl\/sitio\/wp-json\/wp\/v2\/product"}],"about":[{"href":"https:\/\/highscopechile.cl\/sitio\/wp-json\/wp\/v2\/types\/product"}],"replies":[{"embeddable":true,"href":"https:\/\/highscopechile.cl\/sitio\/wp-json\/wp\/v2\/comments?post=2381"}],"wp:featuredmedia":[{"embeddable":true,"href":"https:\/\/highscopechile.cl\/sitio\/wp-json\/wp\/v2\/media\/2374"}],"wp:attachment":[{"href":"https:\/\/highscopechile.cl\/sitio\/wp-json\/wp\/v2\/media?parent=2381"}],"wp:term":[{"taxonomy":"product_brand","embeddable":true,"href":"https:\/\/highscopechile.cl\/sitio\/wp-json\/wp\/v2\/product_brand?post=2381"},{"taxonomy":"product_cat","embeddable":true,"href":"https:\/\/highscopechile.cl\/sitio\/wp-json\/wp\/v2\/product_cat?post=2381"},{"taxonomy":"product_tag","embeddable":true,"href":"https:\/\/highscopechile.cl\/sitio\/wp-json\/wp\/v2\/product_tag?post=2381"}],"curies":[{"name":"wp","href":"https:\/\/api.w.org\/{rel}","templated":true}]}}